{"id":1518,"date":"2025-12-18T11:15:23","date_gmt":"2025-12-18T04:15:23","guid":{"rendered":"https:\/\/layen.vn\/?page_id=1518"},"modified":"2025-12-18T16:14:11","modified_gmt":"2025-12-18T09:14:11","slug":"nha-hang-la-mozza-sap-mo-cua","status":"publish","type":"page","link":"https:\/\/layen.vn\/en\/nha-hang-la-mozza-sap-mo-cua\/","title":{"rendered":"La Mozza Is Coming"},"content":{"rendered":"<div class=\"wpb-content-wrapper\"><div class=\"container vc_container\" ><div class=\"vc_row wpb_row vc_row-fluid\"><div class=\"wpb_column vc_column_container vc_col-sm-12\">\n    <div class=\"vc_column-inner\">\n        <div class=\"wpb_wrapper\">\n            <div class=\"wpb_gallery wpb_content_element vc_clearfix\" ><div class=\"wpb_wrapper\"><div class=\"wpb_gallery_slides wpb_flexslider flexslider_fade flexslider\" data-interval=\"3\" data-flex_fx=\"fade\"><ul class=\"slides\"><li><a class=\"\" href=\"https:\/\/layen.vn\/wp-content\/uploads\/2018\/06\/z7339931594875_f313e8cce333e7b331c8cb87c35c9f66-1024x683.jpg\" data-lightbox=\"lightbox[rel-1518-3223280685]\"><img loading=\"lazy\" decoding=\"async\" width=\"640\" height=\"427\" src=\"https:\/\/layen.vn\/wp-content\/uploads\/2018\/06\/z7339931594875_f313e8cce333e7b331c8cb87c35c9f66-1024x683.jpg\" class=\"attachment-large\" alt=\"\" title=\"z7339931594875_f313e8cce333e7b331c8cb87c35c9f66\" srcset=\"https:\/\/layen.vn\/wp-content\/uploads\/2018\/06\/z7339931594875_f313e8cce333e7b331c8cb87c35c9f66-1024x683.jpg 1024w, https:\/\/layen.vn\/wp-content\/uploads\/2018\/06\/z7339931594875_f313e8cce333e7b331c8cb87c35c9f66-300x200.jpg 300w, https:\/\/layen.vn\/wp-content\/uploads\/2018\/06\/z7339931594875_f313e8cce333e7b331c8cb87c35c9f66-768x512.jpg 768w, https:\/\/layen.vn\/wp-content\/uploads\/2018\/06\/z7339931594875_f313e8cce333e7b331c8cb87c35c9f66-1536x1024.jpg 1536w, https:\/\/layen.vn\/wp-content\/uploads\/2018\/06\/z7339931594875_f313e8cce333e7b331c8cb87c35c9f66-18x12.jpg 18w, https:\/\/layen.vn\/wp-content\/uploads\/2018\/06\/z7339931594875_f313e8cce333e7b331c8cb87c35c9f66-450x300.jpg 450w, https:\/\/layen.vn\/wp-content\/uploads\/2018\/06\/z7339931594875_f313e8cce333e7b331c8cb87c35c9f66.jpg 1800w\" sizes=\"auto, (max-width: 640px) 100vw, 640px\" \/><\/a><\/li><li><a class=\"\" href=\"https:\/\/layen.vn\/wp-content\/uploads\/2025\/12\/z7339931612291_e1bcb889045637a519a2e76f14b9e251-1024x683.jpg\" data-lightbox=\"lightbox[rel-1518-3223280685]\"><img loading=\"lazy\" decoding=\"async\" width=\"640\" height=\"427\" src=\"https:\/\/layen.vn\/wp-content\/uploads\/2025\/12\/z7339931612291_e1bcb889045637a519a2e76f14b9e251-1024x683.jpg\" class=\"attachment-large\" alt=\"\" title=\"z7339931612291_e1bcb889045637a519a2e76f14b9e251\" srcset=\"https:\/\/layen.vn\/wp-content\/uploads\/2025\/12\/z7339931612291_e1bcb889045637a519a2e76f14b9e251-1024x683.jpg 1024w, https:\/\/layen.vn\/wp-content\/uploads\/2025\/12\/z7339931612291_e1bcb889045637a519a2e76f14b9e251-300x200.jpg 300w, https:\/\/layen.vn\/wp-content\/uploads\/2025\/12\/z7339931612291_e1bcb889045637a519a2e76f14b9e251-768x512.jpg 768w, https:\/\/layen.vn\/wp-content\/uploads\/2025\/12\/z7339931612291_e1bcb889045637a519a2e76f14b9e251-1536x1024.jpg 1536w, https:\/\/layen.vn\/wp-content\/uploads\/2025\/12\/z7339931612291_e1bcb889045637a519a2e76f14b9e251-18x12.jpg 18w, https:\/\/layen.vn\/wp-content\/uploads\/2025\/12\/z7339931612291_e1bcb889045637a519a2e76f14b9e251-450x300.jpg 450w, https:\/\/layen.vn\/wp-content\/uploads\/2025\/12\/z7339931612291_e1bcb889045637a519a2e76f14b9e251.jpg 1800w\" sizes=\"auto, (max-width: 640px) 100vw, 640px\" \/><\/a><\/li><li><a class=\"\" href=\"https:\/\/layen.vn\/wp-content\/uploads\/2018\/06\/z7339931645164_80c37b05fe5671c6f976847c4198e088-1024x768.jpg\" data-lightbox=\"lightbox[rel-1518-3223280685]\"><img loading=\"lazy\" decoding=\"async\" width=\"640\" height=\"480\" src=\"https:\/\/layen.vn\/wp-content\/uploads\/2018\/06\/z7339931645164_80c37b05fe5671c6f976847c4198e088-1024x768.jpg\" class=\"attachment-large\" alt=\"\" title=\"z7339931645164_80c37b05fe5671c6f976847c4198e088\" srcset=\"https:\/\/layen.vn\/wp-content\/uploads\/2018\/06\/z7339931645164_80c37b05fe5671c6f976847c4198e088-1024x768.jpg 1024w, https:\/\/layen.vn\/wp-content\/uploads\/2018\/06\/z7339931645164_80c37b05fe5671c6f976847c4198e088-300x225.jpg 300w, https:\/\/layen.vn\/wp-content\/uploads\/2018\/06\/z7339931645164_80c37b05fe5671c6f976847c4198e088-768x576.jpg 768w, https:\/\/layen.vn\/wp-content\/uploads\/2018\/06\/z7339931645164_80c37b05fe5671c6f976847c4198e088-1536x1152.jpg 1536w, https:\/\/layen.vn\/wp-content\/uploads\/2018\/06\/z7339931645164_80c37b05fe5671c6f976847c4198e088-16x12.jpg 16w, https:\/\/layen.vn\/wp-content\/uploads\/2018\/06\/z7339931645164_80c37b05fe5671c6f976847c4198e088.jpg 1920w\" sizes=\"auto, (max-width: 640px) 100vw, 640px\" \/><\/a><\/li><li><a class=\"\" href=\"https:\/\/layen.vn\/wp-content\/uploads\/2025\/12\/z7339931612313_4913732a0ee5345e563d2fcfed8c184f-1024x768.jpg\" data-lightbox=\"lightbox[rel-1518-3223280685]\"><img loading=\"lazy\" decoding=\"async\" width=\"640\" height=\"480\" src=\"https:\/\/layen.vn\/wp-content\/uploads\/2025\/12\/z7339931612313_4913732a0ee5345e563d2fcfed8c184f-1024x768.jpg\" class=\"attachment-large\" alt=\"\" title=\"z7339931612313_4913732a0ee5345e563d2fcfed8c184f\" srcset=\"https:\/\/layen.vn\/wp-content\/uploads\/2025\/12\/z7339931612313_4913732a0ee5345e563d2fcfed8c184f-1024x768.jpg 1024w, https:\/\/layen.vn\/wp-content\/uploads\/2025\/12\/z7339931612313_4913732a0ee5345e563d2fcfed8c184f-300x225.jpg 300w, https:\/\/layen.vn\/wp-content\/uploads\/2025\/12\/z7339931612313_4913732a0ee5345e563d2fcfed8c184f-768x576.jpg 768w, https:\/\/layen.vn\/wp-content\/uploads\/2025\/12\/z7339931612313_4913732a0ee5345e563d2fcfed8c184f-1536x1152.jpg 1536w, https:\/\/layen.vn\/wp-content\/uploads\/2025\/12\/z7339931612313_4913732a0ee5345e563d2fcfed8c184f-16x12.jpg 16w, https:\/\/layen.vn\/wp-content\/uploads\/2025\/12\/z7339931612313_4913732a0ee5345e563d2fcfed8c184f.jpg 1920w\" sizes=\"auto, (max-width: 640px) 100vw, 640px\" \/><\/a><\/li><li><a class=\"\" href=\"https:\/\/layen.vn\/wp-content\/uploads\/2025\/12\/z7339931645163_1c56f1a50b75538d5da1d59b19cbc107-1024x768.jpg\" data-lightbox=\"lightbox[rel-1518-3223280685]\"><img loading=\"lazy\" decoding=\"async\" width=\"640\" height=\"480\" src=\"https:\/\/layen.vn\/wp-content\/uploads\/2025\/12\/z7339931645163_1c56f1a50b75538d5da1d59b19cbc107-1024x768.jpg\" class=\"attachment-large\" alt=\"\" title=\"z7339931645163_1c56f1a50b75538d5da1d59b19cbc107\" srcset=\"https:\/\/layen.vn\/wp-content\/uploads\/2025\/12\/z7339931645163_1c56f1a50b75538d5da1d59b19cbc107-1024x768.jpg 1024w, https:\/\/layen.vn\/wp-content\/uploads\/2025\/12\/z7339931645163_1c56f1a50b75538d5da1d59b19cbc107-300x225.jpg 300w, https:\/\/layen.vn\/wp-content\/uploads\/2025\/12\/z7339931645163_1c56f1a50b75538d5da1d59b19cbc107-768x576.jpg 768w, https:\/\/layen.vn\/wp-content\/uploads\/2025\/12\/z7339931645163_1c56f1a50b75538d5da1d59b19cbc107-1536x1152.jpg 1536w, https:\/\/layen.vn\/wp-content\/uploads\/2025\/12\/z7339931645163_1c56f1a50b75538d5da1d59b19cbc107-16x12.jpg 16w, https:\/\/layen.vn\/wp-content\/uploads\/2025\/12\/z7339931645163_1c56f1a50b75538d5da1d59b19cbc107.jpg 1920w\" sizes=\"auto, (max-width: 640px) 100vw, 640px\" \/><\/a><\/li><li><a class=\"\" href=\"https:\/\/layen.vn\/wp-content\/uploads\/2025\/12\/z7339931612301_5e3417e51af9834976028e22a822560a-1024x768.jpg\" data-lightbox=\"lightbox[rel-1518-3223280685]\"><img loading=\"lazy\" decoding=\"async\" width=\"640\" height=\"480\" src=\"https:\/\/layen.vn\/wp-content\/uploads\/2025\/12\/z7339931612301_5e3417e51af9834976028e22a822560a-1024x768.jpg\" class=\"attachment-large\" alt=\"\" title=\"z7339931612301_5e3417e51af9834976028e22a822560a\" srcset=\"https:\/\/layen.vn\/wp-content\/uploads\/2025\/12\/z7339931612301_5e3417e51af9834976028e22a822560a-1024x768.jpg 1024w, https:\/\/layen.vn\/wp-content\/uploads\/2025\/12\/z7339931612301_5e3417e51af9834976028e22a822560a-300x225.jpg 300w, https:\/\/layen.vn\/wp-content\/uploads\/2025\/12\/z7339931612301_5e3417e51af9834976028e22a822560a-768x576.jpg 768w, https:\/\/layen.vn\/wp-content\/uploads\/2025\/12\/z7339931612301_5e3417e51af9834976028e22a822560a-1536x1152.jpg 1536w, https:\/\/layen.vn\/wp-content\/uploads\/2025\/12\/z7339931612301_5e3417e51af9834976028e22a822560a-16x12.jpg 16w, https:\/\/layen.vn\/wp-content\/uploads\/2025\/12\/z7339931612301_5e3417e51af9834976028e22a822560a.jpg 1920w\" sizes=\"auto, (max-width: 640px) 100vw, 640px\" \/><\/a><\/li><li><a class=\"\" href=\"https:\/\/layen.vn\/wp-content\/uploads\/2025\/12\/z7339931612365_9b286eb52195d10eb5297b9b93bcc460-1024x768.jpg\" data-lightbox=\"lightbox[rel-1518-3223280685]\"><img loading=\"lazy\" decoding=\"async\" width=\"640\" height=\"480\" src=\"https:\/\/layen.vn\/wp-content\/uploads\/2025\/12\/z7339931612365_9b286eb52195d10eb5297b9b93bcc460-1024x768.jpg\" class=\"attachment-large\" alt=\"\" title=\"z7339931612365_9b286eb52195d10eb5297b9b93bcc460\" srcset=\"https:\/\/layen.vn\/wp-content\/uploads\/2025\/12\/z7339931612365_9b286eb52195d10eb5297b9b93bcc460-1024x768.jpg 1024w, https:\/\/layen.vn\/wp-content\/uploads\/2025\/12\/z7339931612365_9b286eb52195d10eb5297b9b93bcc460-300x225.jpg 300w, https:\/\/layen.vn\/wp-content\/uploads\/2025\/12\/z7339931612365_9b286eb52195d10eb5297b9b93bcc460-768x576.jpg 768w, https:\/\/layen.vn\/wp-content\/uploads\/2025\/12\/z7339931612365_9b286eb52195d10eb5297b9b93bcc460-1536x1152.jpg 1536w, https:\/\/layen.vn\/wp-content\/uploads\/2025\/12\/z7339931612365_9b286eb52195d10eb5297b9b93bcc460-16x12.jpg 16w, https:\/\/layen.vn\/wp-content\/uploads\/2025\/12\/z7339931612365_9b286eb52195d10eb5297b9b93bcc460.jpg 1920w\" sizes=\"auto, (max-width: 640px) 100vw, 640px\" \/><\/a><\/li><li><a class=\"\" href=\"https:\/\/layen.vn\/wp-content\/uploads\/2025\/12\/z7339931612311_360e9c643ff2a338ead42644f36750eb-1024x768.jpg\" data-lightbox=\"lightbox[rel-1518-3223280685]\"><img loading=\"lazy\" decoding=\"async\" width=\"640\" height=\"480\" src=\"https:\/\/layen.vn\/wp-content\/uploads\/2025\/12\/z7339931612311_360e9c643ff2a338ead42644f36750eb-1024x768.jpg\" class=\"attachment-large\" alt=\"\" title=\"z7339931612311_360e9c643ff2a338ead42644f36750eb\" srcset=\"https:\/\/layen.vn\/wp-content\/uploads\/2025\/12\/z7339931612311_360e9c643ff2a338ead42644f36750eb-1024x768.jpg 1024w, https:\/\/layen.vn\/wp-content\/uploads\/2025\/12\/z7339931612311_360e9c643ff2a338ead42644f36750eb-300x225.jpg 300w, https:\/\/layen.vn\/wp-content\/uploads\/2025\/12\/z7339931612311_360e9c643ff2a338ead42644f36750eb-768x576.jpg 768w, https:\/\/layen.vn\/wp-content\/uploads\/2025\/12\/z7339931612311_360e9c643ff2a338ead42644f36750eb-1536x1152.jpg 1536w, https:\/\/layen.vn\/wp-content\/uploads\/2025\/12\/z7339931612311_360e9c643ff2a338ead42644f36750eb-16x12.jpg 16w, https:\/\/layen.vn\/wp-content\/uploads\/2025\/12\/z7339931612311_360e9c643ff2a338ead42644f36750eb.jpg 1920w\" sizes=\"auto, (max-width: 640px) 100vw, 640px\" \/><\/a><\/li><li><a class=\"\" href=\"https:\/\/layen.vn\/wp-content\/uploads\/2025\/12\/z7339931612310_13e9efd727978cf78fc8a531a3452ba9-1024x768.jpg\" data-lightbox=\"lightbox[rel-1518-3223280685]\"><img loading=\"lazy\" decoding=\"async\" width=\"640\" height=\"480\" src=\"https:\/\/layen.vn\/wp-content\/uploads\/2025\/12\/z7339931612310_13e9efd727978cf78fc8a531a3452ba9-1024x768.jpg\" class=\"attachment-large\" alt=\"\" title=\"z7339931612310_13e9efd727978cf78fc8a531a3452ba9\" srcset=\"https:\/\/layen.vn\/wp-content\/uploads\/2025\/12\/z7339931612310_13e9efd727978cf78fc8a531a3452ba9-1024x768.jpg 1024w, https:\/\/layen.vn\/wp-content\/uploads\/2025\/12\/z7339931612310_13e9efd727978cf78fc8a531a3452ba9-300x225.jpg 300w, https:\/\/layen.vn\/wp-content\/uploads\/2025\/12\/z7339931612310_13e9efd727978cf78fc8a531a3452ba9-768x576.jpg 768w, https:\/\/layen.vn\/wp-content\/uploads\/2025\/12\/z7339931612310_13e9efd727978cf78fc8a531a3452ba9-1536x1152.jpg 1536w, https:\/\/layen.vn\/wp-content\/uploads\/2025\/12\/z7339931612310_13e9efd727978cf78fc8a531a3452ba9-16x12.jpg 16w, https:\/\/layen.vn\/wp-content\/uploads\/2025\/12\/z7339931612310_13e9efd727978cf78fc8a531a3452ba9.jpg 1920w\" sizes=\"auto, (max-width: 640px) 100vw, 640px\" \/><\/a><\/li><\/ul><\/div><\/div><\/div>        <\/div>\n    <\/div>\n<\/div><\/div><\/div><div class=\"container vc_container\" ><div class=\"vc_row wpb_row vc_row-fluid\"><div class=\"wpb_column vc_column_container vc_col-sm-6\">\n    <div class=\"vc_column-inner\">\n        <div class=\"wpb_wrapper\">\n            \n\t<div class=\"wpb_text_column wpb_content_element\" >\n\t\t<div class=\"wpb_wrapper\">\n\t\t\t<p data-start=\"0\" data-end=\"654\"><strong>La Mozza<\/strong>\u00a0is a pizza restaurant located next to\u00a0<strong>Contact La Yen Retreat<\/strong>, built along terraced slopes and quietly nestled among pine forests and the untouched nature of Dalat. The space unfolds naturally along the hillside, harmoniously combining natural stone, raw wood, and open-air seating to create a relaxed and welcoming atmosphere.<\/p>\n<p data-start=\"0\" data-end=\"654\">Wood-fired pizza is at the heart of La Mozza, prepared in a simple and unpretentious setting. Complementing the pizzas are a selection of light accompanying dishes, ideal for sharing meals, lingering conversations, and moments spent together as the afternoon light fades over the hillside.<\/p>\n<p data-start=\"0\" data-end=\"654\">More than just a restaurant, La Mozza is part of a retreat experience\u2014where food, nature, and emotion come together, offering a sense of simplicity, quiet elegance, and peaceful escape in the heart of Dalat.<\/p>\n\n\t\t<\/div>\n\t<\/div>\n        <\/div>\n    <\/div>\n<\/div><div class=\"wpb_column vc_column_container vc_col-sm-6\">\n    <div class=\"vc_column-inner\">\n        <div class=\"wpb_wrapper\">\n            \n\t<div  class=\"wpb_single_image wpb_content_element vc_align_left\">\n\t\t\n\t\t<figure class=\"wpb_wrapper vc_figure\">\n\t\t\t<div class=\"vc_single_image-wrapper   vc_box_border_grey\"><img loading=\"lazy\" decoding=\"async\" width=\"1920\" height=\"1440\" src=\"https:\/\/layen.vn\/wp-content\/uploads\/2018\/06\/z7339931645164_80c37b05fe5671c6f976847c4198e088.jpg\" class=\"vc_single_image-img attachment-full\" alt=\"\" title=\"z7339931645164_80c37b05fe5671c6f976847c4198e088\" srcset=\"https:\/\/layen.vn\/wp-content\/uploads\/2018\/06\/z7339931645164_80c37b05fe5671c6f976847c4198e088.jpg 1920w, https:\/\/layen.vn\/wp-content\/uploads\/2018\/06\/z7339931645164_80c37b05fe5671c6f976847c4198e088-300x225.jpg 300w, https:\/\/layen.vn\/wp-content\/uploads\/2018\/06\/z7339931645164_80c37b05fe5671c6f976847c4198e088-1024x768.jpg 1024w, https:\/\/layen.vn\/wp-content\/uploads\/2018\/06\/z7339931645164_80c37b05fe5671c6f976847c4198e088-768x576.jpg 768w, https:\/\/layen.vn\/wp-content\/uploads\/2018\/06\/z7339931645164_80c37b05fe5671c6f976847c4198e088-1536x1152.jpg 1536w, https:\/\/layen.vn\/wp-content\/uploads\/2018\/06\/z7339931645164_80c37b05fe5671c6f976847c4198e088-16x12.jpg 16w\" sizes=\"auto, (max-width: 1920px) 100vw, 1920px\" \/><\/div>\n\t\t<\/figure>\n\t<\/div>\n        <\/div>\n    <\/div>\n<\/div><\/div><\/div>\n<\/div>","protected":false},"excerpt":{"rendered":"La Mozza\u00a0l\u00e0 nh\u00e0 h\u00e0ng pizza n\u1eb1m li\u1ec1n k\u1ec1\u00a0L\u00e0 Y\u00ean Retreat, \u0111\u01b0\u1ee3c x\u00e2y d\u1ef1ng theo \u0111\u1ecba h\u00ecnh b\u1eadc thang, \u1ea9n m\u00ecnh gi\u1eefa r\u1eebng th\u00f4ng v\u00e0 thi\u00ean nhi\u00ean nguy\u00ean b\u1ea3n c\u1ee7a \u0110\u00e0 L\u1ea1t. Kh\u00f4ng gian nh\u00e0 h\u00e0ng m\u1edf r\u1ed9ng theo tri\u1ec1n \u0111\u1ed3i, k\u1ebft h\u1ee3p h\u00e0i h\u00f2a gi\u1eefa \u0111\u00e1 t\u1ef1 nhi\u00ean, g\u1ed7 m\u1ed9c v\u00e0 nh\u1eefng kho\u1ea3ng ng\u1ed3i ngo\u00e0i [...]","protected":false},"author":1,"featured_media":0,"parent":0,"menu_order":0,"comment_status":"closed","ping_status":"closed","template":"","meta":{"footnotes":""},"class_list":["post-1518","page","type-page","status-publish","hentry"],"_links":{"self":[{"href":"https:\/\/layen.vn\/en\/wp-json\/wp\/v2\/pages\/1518","targetHints":{"allow":["GET"]}}],"collection":[{"href":"https:\/\/layen.vn\/en\/wp-json\/wp\/v2\/pages"}],"about":[{"href":"https:\/\/layen.vn\/en\/wp-json\/wp\/v2\/types\/page"}],"author":[{"embeddable":true,"href":"https:\/\/layen.vn\/en\/wp-json\/wp\/v2\/users\/1"}],"replies":[{"embeddable":true,"href":"https:\/\/layen.vn\/en\/wp-json\/wp\/v2\/comments?post=1518"}],"version-history":[{"count":9,"href":"https:\/\/layen.vn\/en\/wp-json\/wp\/v2\/pages\/1518\/revisions"}],"predecessor-version":[{"id":1546,"href":"https:\/\/layen.vn\/en\/wp-json\/wp\/v2\/pages\/1518\/revisions\/1546"}],"wp:attachment":[{"href":"https:\/\/layen.vn\/en\/wp-json\/wp\/v2\/media?parent=1518"}],"curies":[{"name":"wp","href":"https:\/\/api.w.org\/{rel}","templated":true}]}}